{"id":14,"date":"2023-06-06T00:45:00","date_gmt":"2023-06-05T22:45:00","guid":{"rendered":"https:\/\/deluxe-mgmt.de\/?page_id=14"},"modified":"2023-06-06T00:45:01","modified_gmt":"2023-06-05T22:45:01","slug":"home","status":"publish","type":"page","link":"https:\/\/www.deluxe-mgmt.de\/","title":{"rendered":"Home"},"content":{"rendered":"\n<p>Wir sind Dein Partner im Bereich Social Media und Onlinemarketing!<br>Gemeinsam mit Dir entwickeln wir ein passendes Konzept f\u00fcr Deinen Online Auftritt, abgestimmt auf Deine Zielgruppe und Deine W\u00fcnsche.<\/p>\n\n\n\n<p>Wir haben bereits <strong>Creator<\/strong>, <strong>Unternehmen<\/strong>, <strong>\u00f6ffentliche Stellen<\/strong> und <strong>Onlineshops<\/strong> erfolgreich unterst\u00fctzt und begleitet.<\/p>\n\n\n\n<p>Bisherige Partner sind unter anderem:<\/p>\n\n\n\n<ul class=\"wp-block-list\">\n<li>Stadt Dresden, Amt f\u00fcr Gesundheit und Pr\u00e4vention<\/li>\n\n\n\n<li>Zapfanstalt Dresden<\/li>\n\n\n\n<li>CSD Dresden e.V.<\/li>\n\n\n\n<li>Michelle Cooper (bis 2020)<\/li>\n\n\n\n<li>Lara Liqueur<\/li>\n\n\n\n<li>Aids-Hilfe Dresden e.V.<br>und Weitere\u2026<\/li>\n<\/ul>\n\n\n\n<p class=\"has-large-font-size\">Unsere Leistungen<\/p>\n\n\n\n<ul class=\"wp-block-list\">\n<li>Zielgruppen Targeting<\/li>\n\n\n\n<li>Accountverwaltung<\/li>\n\n\n\n<li>Konzeptentwicklung<\/li>\n\n\n\n<li>Erstellen von Posting-Pl\u00e4nen<\/li>\n\n\n\n<li>Onlinewerbung<\/li>\n\n\n\n<li>Contentproduktion<\/li>\n\n\n\n<li>Videoschnitt und -animation<\/li>\n\n\n\n<li>Analysen<br>und einiges mehr\u2026<\/li>\n<\/ul>\n\n\n\n<p>Interesse? Dann schreib uns f\u00fcr dein Konzept und Angebot gerne eine Email!<\/p>\n","protected":false},"excerpt":{"rendered":"<p>Wir sind Dein Partner im Bereich Social Media und Onlinemarketing!Gemeinsam mit Dir entwickeln wir ein passendes Konzept f\u00fcr Deinen Online Auftritt, abgestimmt auf Deine Zielgruppe und Deine W\u00fcnsche. Wir haben bereits Creator, Unternehmen, \u00f6ffentliche Stellen und Onlineshops erfolgreich unterst\u00fctzt und begleitet. Bisherige Partner sind unter anderem: Unsere Leistungen Interesse? Dann schreib uns f\u00fcr dein Konzept&hellip;&nbsp;<a href=\"https:\/\/www.deluxe-mgmt.de\/\" rel=\"bookmark\">Weiterlesen &raquo;<span class=\"screen-reader-text\">Home<\/span><\/a><\/p>\n","protected":false},"author":1,"featured_media":0,"parent":0,"menu_order":0,"comment_status":"closed","ping_status":"open","template":"","meta":{"neve_meta_sidebar":"","neve_meta_container":"","neve_meta_enable_content_width":"","neve_meta_content_width":0,"neve_meta_title_alignment":"","neve_meta_author_avatar":"","neve_post_elements_order":"","neve_meta_disable_header":"","neve_meta_disable_footer":"","neve_meta_disable_title":"","footnotes":""},"class_list":["post-14","page","type-page","status-publish","hentry"],"_links":{"self":[{"href":"https:\/\/www.deluxe-mgmt.de\/index.php?rest_route=\/wp\/v2\/pages\/14","targetHints":{"allow":["GET"]}}],"collection":[{"href":"https:\/\/www.deluxe-mgmt.de\/index.php?rest_route=\/wp\/v2\/pages"}],"about":[{"href":"https:\/\/www.deluxe-mgmt.de\/index.php?rest_route=\/wp\/v2\/types\/page"}],"author":[{"embeddable":true,"href":"https:\/\/www.deluxe-mgmt.de\/index.php?rest_route=\/wp\/v2\/users\/1"}],"replies":[{"embeddable":true,"href":"https:\/\/www.deluxe-mgmt.de\/index.php?rest_route=%2Fwp%2Fv2%2Fcomments&post=14"}],"version-history":[{"count":1,"href":"https:\/\/www.deluxe-mgmt.de\/index.php?rest_route=\/wp\/v2\/pages\/14\/revisions"}],"predecessor-version":[{"id":15,"href":"https:\/\/www.deluxe-mgmt.de\/index.php?rest_route=\/wp\/v2\/pages\/14\/revisions\/15"}],"wp:attachment":[{"href":"https:\/\/www.deluxe-mgmt.de\/index.php?rest_route=%2Fwp%2Fv2%2Fmedia&parent=14"}],"curies":[{"name":"wp","href":"https:\/\/api.w.org\/{rel}","templated":true}]}}